{"id":184,"date":"2025-09-25T14:08:54","date_gmt":"2025-09-25T12:08:54","guid":{"rendered":"https:\/\/maykakaima.com\/spboite\/?post_type=product&#038;p=184"},"modified":"2025-09-27T13:27:41","modified_gmt":"2025-09-27T11:27:41","slug":"en-mi-rama","status":"publish","type":"product","link":"https:\/\/maykakaima.com\/spboite\/producto\/en-mi-rama\/","title":{"rendered":"\u00abEn mi rama\u00bb"},"content":{"rendered":"<p>\u00abEn mi rama\u00bb<\/p>\n<p>Cuadro vertical: 32 cm de alto por 23.5 cm<\/p>\n<h2><strong>Gastos de envio gratis.<\/strong><\/h2>\n<h3>Va montado con su marco blanco y su cristal.<\/h3>\n<h3>Lleva el t\u00edtulo escogido expresamente para esa obra, mi nombre y mi firma.<\/h3>\n<h4>Mis cuadros de piedras est\u00e1n concebidos para propiciar un di\u00e1logo entre la naturaleza y el arte, reafirmando al mismo tiempo la apuesta por un dise\u00f1o org\u00e1nico, sustentado en la innovaci\u00f3n, el ingenio y la sensibilidad.<\/h4>\n","protected":false},"excerpt":{"rendered":"<p>\u00abEn mi rama\u00bb\u00a0 Cuadro vertical: 32 cm x 23,5 cm. Gastos de envio gratis.<\/p>\n","protected":false},"featured_media":185,"comment_status":"open","ping_status":"closed","template":"","meta":[],"product_brand":[],"product_cat":[18],"product_tag":[],"class_list":{"0":"post-184","1":"product","2":"type-product","3":"status-publish","4":"has-post-thumbnail","6":"product_cat-formato-estandar-vertical","8":"first","9":"instock","10":"taxable","11":"shipping-taxable","12":"purchasable","13":"product-type-simple"},"_links":{"self":[{"href":"https:\/\/maykakaima.com\/spboite\/wp-json\/wp\/v2\/product\/184","targetHints":{"allow":["GET"]}}],"collection":[{"href":"https:\/\/maykakaima.com\/spboite\/wp-json\/wp\/v2\/product"}],"about":[{"href":"https:\/\/maykakaima.com\/spboite\/wp-json\/wp\/v2\/types\/product"}],"replies":[{"embeddable":true,"href":"https:\/\/maykakaima.com\/spboite\/wp-json\/wp\/v2\/comments?post=184"}],"wp:featuredmedia":[{"embeddable":true,"href":"https:\/\/maykakaima.com\/spboite\/wp-json\/wp\/v2\/media\/185"}],"wp:attachment":[{"href":"https:\/\/maykakaima.com\/spboite\/wp-json\/wp\/v2\/media?parent=184"}],"wp:term":[{"taxonomy":"product_brand","embeddable":true,"href":"https:\/\/maykakaima.com\/spboite\/wp-json\/wp\/v2\/product_brand?post=184"},{"taxonomy":"product_cat","embeddable":true,"href":"https:\/\/maykakaima.com\/spboite\/wp-json\/wp\/v2\/product_cat?post=184"},{"taxonomy":"product_tag","embeddable":true,"href":"https:\/\/maykakaima.com\/spboite\/wp-json\/wp\/v2\/product_tag?post=184"}],"curies":[{"name":"wp","href":"https:\/\/api.w.org\/{rel}","templated":true}]}}